{"id":387760,"date":"2023-03-06T12:25:40","date_gmt":"2023-03-06T12:25:40","guid":{"rendered":"https:\/\/roughseamanagement.pt\/?page_id=387760"},"modified":"2023-09-19T09:31:43","modified_gmt":"2023-09-19T09:31:43","slug":"politica-de-privacidade","status":"publish","type":"page","link":"https:\/\/roughseamanagement.pt\/pt-pt\/politica-de-privacidade\/","title":{"rendered":"Pol\u00edtica de Privacidade"},"content":{"rendered":"<p>[et_pb_section fb_built=&#8221;1&#8243; _builder_version=&#8221;4.20.0&#8243; _module_preset=&#8221;default&#8221; use_background_color_gradient=&#8221;on&#8221; background_color_gradient_stops=&#8221;rgba(0,0,0,0.36) 0%|rgba(0,0,0,0.36) 100%&#8221; background_color_gradient_overlays_image=&#8221;on&#8221; background_image=&#8221;https:\/\/roughseamanagement.pt\/wp-content\/uploads\/2022\/08\/Captura-de-ecra\u0303-2022-08-25-a\u0300s-15.38.17.png&#8221; custom_padding=&#8221;||148px|||&#8221; global_colors_info=&#8221;{}&#8221;][et_pb_row _builder_version=&#8221;4.20.0&#8243; _module_preset=&#8221;default&#8221; global_colors_info=&#8221;{}&#8221;][et_pb_column type=&#8221;4_4&#8243; _builder_version=&#8221;4.20.0&#8243; _module_preset=&#8221;default&#8221; global_colors_info=&#8221;{}&#8221;][et_pb_text _builder_version=&#8221;4.20.0&#8243; _module_preset=&#8221;default&#8221; header_2_font=&#8221;Crimson Pro||||||||&#8221; header_2_text_color=&#8221;#FFFFFF&#8221; header_2_font_size=&#8221;50px&#8221; global_colors_info=&#8221;{}&#8221;]<\/p>\n<h2 style=\"text-align: center;\">Pol\u00edtica de Privacidade<\/h2>\n<p>[\/et_pb_text][\/et_pb_column][\/et_pb_row][\/et_pb_section][et_pb_section fb_built=&#8221;1&#8243; _builder_version=&#8221;4.20.0&#8243; _module_preset=&#8221;default&#8221; global_colors_info=&#8221;{}&#8221;][et_pb_row _builder_version=&#8221;4.20.0&#8243; _module_preset=&#8221;default&#8221; global_colors_info=&#8221;{}&#8221;][et_pb_column type=&#8221;4_4&#8243; _builder_version=&#8221;4.20.0&#8243; _module_preset=&#8221;default&#8221; global_colors_info=&#8221;{}&#8221;][et_pb_text _builder_version=&#8221;4.20.0&#8243; _module_preset=&#8221;default&#8221; text_font=&#8221;Montserrat||||||||&#8221; global_colors_info=&#8221;{}&#8221;]<\/p>\n<p>A pol\u00edtica de privacidade abaixo identifica a informa\u00e7\u00e3o recolhida, formas de recolha e tratamento da mesma.<\/p>\n<p>Ao utilizar este website dever ter conhecimento e aceitar esta pol\u00edtica de privacidade.<\/p>\n<p><strong>1. Propriet\u00e1rio e Controlador de Dados<\/strong><\/p>\n<p><strong><span>Nome da empresa:<\/span><br \/><\/strong><span>Roughsea Management Consulting, Lda.<\/span><\/p>\n<p><strong><span>Endere\u00e7o:<\/span><br \/><\/strong><span>Av. Combatentes Grande Guerra, 17 &#8211; 2\u00ba Esq.<\/span><\/p>\n<p><strong><span>C\u00f3digo Postal:<\/span><br \/><\/strong><span>2900-329 Set\u00fabal<\/span><\/p>\n<p><strong><span>N\u00ba Fiscal<\/span><br \/><\/strong><span>515186465<\/span><\/p>\n<p><strong><span>Email<\/span><\/strong><span>\u00a0:<\/span><\/p>\n<p><a href=\"mailto:arc2010@sapo.pt\" target=\"_blank\" rel=\"noopener\"><span style=\"color: #000000;\">arc2010@sapo.pt<\/span><\/a><\/p>\n<p><strong>2. Dados Recolhidos<\/strong><\/p>\n<p>Este website recolhe os seguintes dados atrav\u00e9s de formul\u00e1rios de registo ou contacto quando preenchidos e enviados pelo utilizador:<\/p>\n<p>(a)nome, (b)n\u00famero de telefone, (c)nome da empresa, (d)e-mail<\/p>\n<p>Este website utiliza cookies para recolha de informa\u00e7\u00e3o estat\u00edstica de forma an\u00f3nima e\/ou para melhorar a experi\u00eancia de utilizador na utiliza\u00e7\u00e3o deste website.<\/p>\n<p><strong>\u00a03. Finalidade dos Dados Recolhidos<\/strong><\/p>\n<p>Os dados recolhidos neste website destinam-se a:<\/p>\n<p>\u2013 Contacto com o utilizador para responder aos pedidos enviados.<\/p>\n<p>\u2013 Envio, ap\u00f3s solicita\u00e7\u00e3o do utilizador, de propostas de servi\u00e7os e\/ou outras informa\u00e7\u00f5es de servi\u00e7os e\/ou produtos pr\u00f3prios.<\/p>\n<p>\u2013 Futuros contactos, nomeadamente envio de comunica\u00e7\u00e3o de servi\u00e7os e campanhas comerciais.<\/p>\n<p>\u2013 Cumprimento das obriga\u00e7\u00f5es legais.<\/p>\n<p>Os dados s\u00e3o assim recolhidos para as finalidades acima indicadas pelo que todo o titular dever\u00e1 verificar a sua exatid\u00e3o e atualiza\u00e7\u00e3o por forma a que o respons\u00e1vel por este website possa adotar as medidas adequadas ao seu tratamento.<\/p>\n<p>O preenchimento dos formul\u00e1rios presentes neste website \u00e9 acompanhado de pedido de consentimento expresso por parte do utilizador para o envio e tratamento dos dados conforme descrito acima. Esse consentimento dado no envio de qualquer informa\u00e7\u00e3o pessoal traduzir\u00e1 o consentimento pr\u00e9vio e expresso ao tratamento dos dados pessoais transmitidos pelo seu titular para uma ou mais finalidades acima descritas bem como fica o propriet\u00e1rio deste website autorizado a efetuar o tratamento dos dados pessoais recolhidos na medida e por tempo necess\u00e1rio \u00e0 prossecu\u00e7\u00e3o das suas finalidades.<\/p>\n<p>Em cumprimento da legisla\u00e7\u00e3o legal em vigor e da sua pol\u00edtica, o propriet\u00e1rio deste website esclarece que n\u00e3o solicita, nem estimula, em local ou de forma alguma, a remiss\u00e3o e envio de dados pessoais referentes a convic\u00e7\u00f5es filos\u00f3ficas ou pol\u00edticas, filia\u00e7\u00e3o partid\u00e1ria ou sindical, f\u00e9 religiosa, vida privada, origem racial ou \u00e9tnica, bem como o tratamento de dados relativos \u00e0 vida sexual.<\/p>\n<p>Em conformidade, o propriet\u00e1rio deste website reserva-se o direito de n\u00e3o aceitar recolher ou receber informa\u00e7\u00e3o que coloque em causa direitos fundamentais ou que se afigurem il\u00edcitos, ficando exclu\u00edda qualquer responsabilidade no respetivo tratamento.<\/p>\n<p>Tendo em conta a finalidade do tratamento da informa\u00e7\u00e3o recolhida, o propriet\u00e1rio deste website reserva-se o direito de cancelar ou anular qualquer pedido caso n\u00e3o sejam recolhidas todos os dados necess\u00e1rios \u00e0 gest\u00e3o do processo em causa, ficando exclu\u00edda qualquer responsabilidade.<\/p>\n<p><strong>4. Conserva\u00e7\u00e3o dos Dados Pessoais<\/strong><\/p>\n<p>Em conformidade, informa-se que os dados pessoais recolhidos no \u00e2mbito de qualquer processo a ser tratado pelo propriet\u00e1rio deste website poder\u00e3o ser mantidos durante o per\u00edodo necess\u00e1rio ao cumprimento da finalidade, podendo ser mantidos em reserva para futuros processos ou ser conservados para a continua\u00e7\u00e3o de envio de promo\u00e7\u00f5es ou divulga\u00e7\u00f5es de a\u00e7\u00f5es, servi\u00e7os ou produtos, sem preju\u00edzo do direito do titular solicitar a elimina\u00e7\u00e3o dos seus dados (direito ao esquecimento), a qualquer momento, tal como indicado no ponto seguinte.<\/p>\n<p><strong>\u00a05. Direitos do titular dos Dados Pessoais<\/strong><\/p>\n<p>O per\u00edodo de tempo durante o qual os dados pessoais s\u00e3o armazenados e conservados variar\u00e1 em conformidade com as finalidades escolhidas pelos interessados, mas sempre por um per\u00edodo igual ou inferior ao prazo estipulado na lei, no entanto:<\/p>\n<p>O titular dos dados pessoais pode, em qualquer momento, solicitar:<\/p>\n<p>\u2013 O Acesso\/pedido de toda a informa\u00e7\u00e3o detida pelo respons\u00e1vel deste website sobre si<\/p>\n<p>\u2013 A elimina\u00e7\u00e3o de toda a informa\u00e7\u00e3o detida pelo respons\u00e1vel deste website sobre si sempre que seja aplic\u00e1vel um dos seguintes motivos: (i) os dados deixaram de ser necess\u00e1rios para a finalidade que motivou a sua recolha ou tratamento; (ii) o titular retira o consentimento, quando o consentimento \u00e9 a base legal; (iii) o titular op\u00f5e-se ao tratamento e n\u00e3o existem interesses leg\u00edtimos prevalecentes que justifiquem a sua manuten\u00e7\u00e3o ou (iv) os dados pessoais t\u00eam de ser apagados para o cumprimento de uma obriga\u00e7\u00e3o jur\u00eddica.<\/p>\n<p>\u2013 A retifica\u00e7\u00e3o da informa\u00e7\u00e3o detida pelo respons\u00e1vel deste website sobre si<\/p>\n<p>\u2013 Portabilidade, limita\u00e7\u00e3o e\/ou oposi\u00e7\u00e3o ao tratamento, o titular dever\u00e1 comunicar por escrito ao propriet\u00e1rio deste website o seu pedido, identificando-se pelo nome completo e elementos de identifica\u00e7\u00e3o suficientes para nos permitir a sua identifica\u00e7\u00e3o adequada e posterior tratamento do seu pedido.<\/p>\n<p>Todos os pedidos devem ser realizados atrav\u00e9s dos endere\u00e7os e formas identificadas no ponto 1 desta pol\u00edtica de privacidade.<\/p>\n<p>Adicionalmente, o titular poder\u00e1 sempre apresentar as reclama\u00e7\u00f5es que entender necess\u00e1rias junto da autoridade competente para o efeito.<\/p>\n<p><strong>6. Seguran\u00e7a no Tratamento de Dados Pessoais<\/strong><\/p>\n<p>Os dados recolhidos s\u00e3o processados e armazenados eletronicamente e em suporte fisico (papel) quando necess\u00e1rio.<\/p>\n<p>O propriet\u00e1rio deste website implementou medidas t\u00e9cnicas e organizativas adequadas a proteger os dados pessoais contra a destrui\u00e7\u00e3o, acidental ou il\u00edcita, a perda acidental, a altera\u00e7\u00e3o, a difus\u00e3o ou o acesso n\u00e3o autorizados, e contra qualquer forma de tratamento il\u00edcito. S\u00f3 os colaboradores e subcontratantes autorizados pelo propriet\u00e1rio deste website t\u00eam acesso aos dados pessoais, estando vinculados ao dever de sigilo e confidencialidade.<\/p>\n<p>Caso, por algum motivo, se verifique uma viola\u00e7\u00e3o da seguran\u00e7a que provoque, de modo acidental ou il\u00edcito, a destrui\u00e7\u00e3o, perda, altera\u00e7\u00e3o, divulga\u00e7\u00e3o ou o acesso, n\u00e3o autorizados aos dados pessoais, o propriet\u00e1rio deste website compromete-se, nos termos da legisla\u00e7\u00e3o aplic\u00e1vel, a comunicar junto das autoridades competentes, sem demora justificada e, sempre que poss\u00edvel, at\u00e9 72 horas ap\u00f3s ter tido conhecimento de tal ocorr\u00eancia.<\/p>\n<p>Nos termos referidos, o propriet\u00e1rio deste website compromete-se a comunicar a viola\u00e7\u00e3o dos dados pessoais ao respetivo titular dos seus dados, em conformidade com a legisla\u00e7\u00e3o aplic\u00e1vel.<\/p>\n<p>Sem preju\u00edzo do disposto nos par\u00e1grafos anteriores, o utilizador dever\u00e1 adotar medidas adicionais de seguran\u00e7a necess\u00e1rias e exig\u00edveis, nomeadamente tendo uma firewall ativa, antiv\u00edrus e anti-spyware atualizados, devendo fazer uma utiliza\u00e7\u00e3o prudente ao ter acesso a plataformas de entidades terceiras, verificando e confirmando a exist\u00eancia de certificado digital e da fidedignidade do endere\u00e7o, ficando exclu\u00edda qualquer responsabilidade do propriet\u00e1rio deste website por facto que n\u00e3o lhe seja imput\u00e1vel ou o n\u00e3o respeito de regras de cautela especificadas ou exig\u00edveis.<\/p>\n<p><strong>\u00a07. Comunica\u00e7\u00e3o dos Dados Pessoais a Entidades Terceiras<\/strong><\/p>\n<p>As informa\u00e7\u00f5es e dados pessoais a que o propriet\u00e1rio deste website tem acesso n\u00e3o ser\u00e3o, em hip\u00f3tese alguma, vendidas ou cedidas a terceiros.<\/p>\n<p>No \u00e2mbito da sua atividade, o propriet\u00e1rio deste website poder\u00e1 recorrer a subcontratantes para a presta\u00e7\u00e3o de determinados servi\u00e7os, o que poder\u00e1 implicar, em algumas situa\u00e7\u00f5es, o acesso, por tais entidades, aos dados pessoais dos utilizadores ou cliente.<\/p>\n<p>Caso isso ocorra, o titular consente essa partilha, ficando o propriet\u00e1rio deste website com o compromisso de praticar as medidas necess\u00e1rias e adequadas, por forma a assegurar que as entidades que tenham acesso a tais dados pessoais, sejam reputadas e ofere\u00e7am elevadas garantias a este n\u00edvel, o que ficar\u00e1 devidamente consagrado e acautelado em contrato escrito, celebrado entre o propriet\u00e1rio deste website e o(s) subcontratante(s).<\/p>\n<p>Todo o subcontratante com quem o propriet\u00e1rio deste website partilhe dados, ficar\u00e1 incumbido de tratar os dados pessoais dos utilizadores, em seu nome e por sua conta no compromisso de adotar as medidas t\u00e9cnicas e organizacionais necess\u00e1rias por forma a proteger os dados pessoais contra a destrui\u00e7\u00e3o, acidental ou il\u00edcita, a perda acidental, a altera\u00e7\u00e3o, a difus\u00e3o ou o acesso n\u00e3o autorizado e contra qualquer outra forma de tratamento il\u00edcito, ficando a mesma como respons\u00e1vel pelo uso adequado e nos termos legais.<\/p>\n<p>Sem preju\u00edzo do disposto no par\u00e1grafo anterior, o propriet\u00e1rio deste website fica respons\u00e1vel pelo tratamento dos dados pessoais nos termos legais e dentro das respetivas limita\u00e7\u00f5es de uso.<\/p>\n<p><strong>8. Acesso a websites de Terceiros<\/strong><\/p>\n<p>A pol\u00edtica de privacidade n\u00e3o \u00e9 aplic\u00e1vel a websites ou meios de suporte de terceiros que o utilizador possa vir a ter acesso atrav\u00e9s deste website. Neste caso, sempre que visitar outro website a partir deste, dever\u00e1 sempre ler a pol\u00edtica de privacidade aplic\u00e1vel e verificar se concorda com os seus termos antes de facultar os seus dados pessoais.<\/p>\n<p>O propriet\u00e1rio deste website n\u00e3o se responsabiliza pela pol\u00edtica de privacidade ou tratamento de dados pessoais que seja aplic\u00e1vel em websites de entidades terceiras, nem pelos conte\u00fados disponibilizados nos mesmos websites.<\/p>\n<p><strong>\u00a09. Cookies<\/strong><\/p>\n<p>Este website pode utilizar cookies e\/ou web beacons quando um utilizador tem acesso \u00e0s p\u00e1ginas. Os cookies que podem ser utilizados associam-se (se for o caso) \u00fanicamente com o navegador de um determinado computador, tablet ou telem\u00f3vel.<\/p>\n<p>Os cookies que s\u00e3o utilizados neste website podem ser instalados pelo mesmo, os quais s\u00e3o originados dos distintos servidores operados por este, ou a partir dos servidores de terceiros que prestam servi\u00e7os e instalam cookies e\/ou web beacons (por exemplo, os cookies que s\u00e3o empregados para servi\u00e7os de estat\u00edsticas ou certos conte\u00fados externos). O utilizador poder\u00e1 pesquisar no seu computador conforme instru\u00e7\u00f5es do pr\u00f3prio browser e encontrar e remover as cookies.<\/p>\n<p>As cookies s\u00e3o necess\u00e1rias para permitir identificar que um browser (e supostamente uma pessoa que est\u00e1 a usar esse browser) que acede a diversas p\u00e1ginas de um website \u00e9 o mesmo browser (e supostamente a mesma pessoa) que acedeu a determinada p\u00e1gina, isto \u00e9 normalmente f\u00e1cil de exemplificar com o login, quando um utilizador faz login num website, esse website guarda uma cookie no browser com um identificador \u00fanico que permite depois saber que foi aquele login que pediu determinada p\u00e1gina e com isto poder mostrar informa\u00e7\u00e3o ou disponibilizar funcionalidades especificas para esse utilizador.<\/p>\n<p>Este website utiliza cookies por forma a providenciar a melhor experi\u00eancia poss\u00edvel na utiliza\u00e7\u00e3o e consulta deste website, nomeadamente nas seguintes situa\u00e7\u00f5es:<\/p>\n<p>\u2013 Partilha de conte\u00fados em redes sociais<\/p>\n<p>\u2013 Exibi\u00e7\u00e3o de conte\u00fados de terceiros (ex: v\u00eddeos)<\/p>\n<p>\u2013 Recolha de estat\u00edsticas<\/p>\n<p>N\u00e3o utilizamos cookies para:<\/p>\n<p>\u2013 recolher informa\u00e7\u00e3o que o permita identificar a si<\/p>\n<p>\u2013 recolher informa\u00e7\u00e3o sens\u00edvel sobre si<\/p>\n<p>\u2013 passar informa\u00e7\u00e3o que o\/a identifica a terceiros<\/p>\n<p>Mais detalhes sobre como s\u00e3o utilizadas as cookies em cada caso mencionado acima:<\/p>\n<p>Cookies de redes sociais<\/p>\n<p>Para que os utilizadores deste website possam facilmente partilhar os nossos conte\u00fados nas suas contas de redes sociais como o Facebook e o Twitter, este website inclui bot\u00f5es para essas mesmas funcionalidades.<\/p>\n<p>Os cookies para essas funcionalidades s\u00e3o dessa forma criados e introduzidos nas nossas p\u00e1ginas pelo Facebook (Pol\u00edtica de Privacidade do Facebook) e pelo Twitter (Pol\u00edtica de Privacidade do Twitter).<\/p>\n<p>As implica\u00e7\u00f5es de privacidades destas funcionalidades dependem das redes sociais que os utilizadores deste website utilizam e das configura\u00e7\u00f5es de privacidade que os mesmos definem em cada uma dessas redes.<\/p>\n<p>Cookies para estat\u00edsticas an\u00f3nimas sobre os visitantes deste website.<\/p>\n<p>Este website utiliza cookies para compilar estat\u00edsticas sobre as visitas, para fim de saber informa\u00e7\u00e3o an\u00f3nima sobre o n\u00famero de visitas que recebe, que tecnologia \u00e9 utilizada para aceder ao website, que p\u00e1ginas s\u00e3o visualizadas e por quanto tempo, entre muitos outros indicadores estat\u00edsticos an\u00f3nimos.<\/p>\n<p>Esta informa\u00e7\u00e3o permite a este website melhorar de forma continuada a experi\u00eancia dos seus visitantes.<\/p>\n<p>O software que este website utiliza para a recolha de estat\u00edsticas \u00e9 o Google Analytics.<\/p>\n<p>Assim deste tipo de cookies este website utiliza:<\/p>\n<p>\u2013 Google Analytics \u2013 Pol\u00edtica de Privacidade do Google<\/p>\n<p>Se n\u00e3o quiser que as suas visitas em sites e blogs sejam detetadas pelo Google Analytics, v\u00e1 a\u00a0<span style=\"color: #000000;\"><a href=\"http:\/\/tools.google.com\/dlpage\/gaoptout\" target=\"_blank\" rel=\"noopener\" style=\"color: #000000;\">http:\/\/tools.google.com\/dlpage\/gaoptout<\/a><\/span><\/p>\n<p>Para obter mais informa\u00e7\u00f5es sobre cookies, incluindo para saber que cookies foram instalados e como podem ser geridos e eliminados, visite\u00a0<span style=\"color: #000000;\"><a href=\"http:\/\/www.allaboutcookies.org\/\" target=\"_blank\" rel=\"noopener\" style=\"color: #000000;\">http:\/\/www.allaboutcookies.org\/<\/a><\/span><\/p>\n<p>\u00daltima actualiza\u00e7\u00e3o: 6 de Mar\u00e7o 2023<\/p>\n<p>[\/et_pb_text][\/et_pb_column][\/et_pb_row][\/et_pb_section][et_pb_section fb_built=&#8221;1&#8243; _builder_version=&#8221;4.18.0&#8243; _module_preset=&#8221;default&#8221; background_color=&#8221;#00223A&#8221; custom_margin=&#8221;0px|0px|0px|0px|false|false&#8221; custom_padding=&#8221;20px|0px|20px|0px|true|false&#8221; global_module=&#8221;387789&#8243; global_colors_info=&#8221;{}&#8221;][et_pb_row column_structure=&#8221;1_3,1_3,1_3&#8243; _builder_version=&#8221;4.18.0&#8243; _module_preset=&#8221;default&#8221; custom_margin=&#8221;0px||0px||false|false&#8221; custom_padding=&#8221;0px||0px||true|false&#8221; global_colors_info=&#8221;{}&#8221;][et_pb_column type=&#8221;1_3&#8243; _builder_version=&#8221;4.18.0&#8243; _module_preset=&#8221;default&#8221; global_colors_info=&#8221;{}&#8221;][et_pb_image src=&#8221;https:\/\/roughseamanagement.pt\/wp-content\/uploads\/2023\/09\/logo-roughsea-branco-2.png&#8221; title_text=&#8221;logo roughsea branco&#8221; disabled_on=&#8221;off|off|on&#8221; _builder_version=&#8221;4.21.0&#8243; _module_preset=&#8221;default&#8221; width=&#8221;100%&#8221; module_alignment=&#8221;center&#8221; hover_enabled=&#8221;0&#8243; global_colors_info=&#8221;{}&#8221; sticky_enabled=&#8221;0&#8243;][\/et_pb_image][et_pb_text _builder_version=&#8221;4.20.0&#8243; _module_preset=&#8221;default&#8221; text_font=&#8221;Montserrat||||||||&#8221; text_text_color=&#8221;#FFFFFF&#8221; custom_margin_tablet=&#8221;&#8221; custom_margin_phone=&#8221;||-50px||false|false&#8221; custom_margin_last_edited=&#8221;on|phone&#8221; custom_padding=&#8221;20px||||false|false&#8221; custom_padding_tablet=&#8221;20px||||false|false&#8221; custom_padding_phone=&#8221;0px||||false|false&#8221; custom_padding_last_edited=&#8221;on|phone&#8221; text_font_size_tablet=&#8221;&#8221; text_font_size_phone=&#8221;&#8221; text_font_size_last_edited=&#8221;on|desktop&#8221; text_orientation_tablet=&#8221;&#8221; text_orientation_phone=&#8221;center&#8221; text_orientation_last_edited=&#8221;on|phone&#8221; global_colors_info=&#8221;{}&#8221;]<\/p>\n<p><a href=\"https:\/\/roughseamanagement.pt\/pt-pt\/politica-de-privacidade\/\" target=\"_blank\" rel=\"noopener\">Pol\u00edtica de Privacidade<\/a><a> | <\/a><a href=\"https:\/\/roughseamanagement.pt\/pt-pt\/centro-de-arbitragem\/\" target=\"_blank\" rel=\"noopener\">Centro de Arbitragem<\/a><a><\/a><\/p>\n<p><a href=\"https:\/\/www.livroreclamacoes.pt\/INICIO\/\" target=\"_blank\" rel=\"noopener\"><img loading=\"lazy\" decoding=\"async\" src=\"https:\/\/roughseamanagement.pt\/wp-content\/uploads\/2023\/03\/livro_reclamacoes-500x-207-w-300x124.png\" width=\"133\" height=\"55\" alt=\"\" class=\"wp-image-387776 alignnone size-medium\" \/><\/a><\/p>\n<p>[\/et_pb_text][\/et_pb_column][et_pb_column type=&#8221;1_3&#8243; _builder_version=&#8221;4.18.0&#8243; _module_preset=&#8221;default&#8221; global_colors_info=&#8221;{}&#8221;][et_pb_image src=&#8221;https:\/\/roughseamanagement.pt\/wp-content\/uploads\/2023\/09\/logo-roughsea-branco-2.png&#8221; title_text=&#8221;logo roughsea branco&#8221; disabled_on=&#8221;on|off|off&#8221; _builder_version=&#8221;4.21.0&#8243; _module_preset=&#8221;default&#8221; width=&#8221;100%&#8221; max_width=&#8221;300px&#8221; module_alignment=&#8221;center&#8221; hover_enabled=&#8221;0&#8243; global_colors_info=&#8221;{}&#8221; sticky_enabled=&#8221;0&#8243;][\/et_pb_image][\/et_pb_column][et_pb_column type=&#8221;1_3&#8243; _builder_version=&#8221;4.18.0&#8243; _module_preset=&#8221;default&#8221; global_colors_info=&#8221;{}&#8221;][et_pb_text _builder_version=&#8221;4.20.0&#8243; _module_preset=&#8221;default&#8221; text_font=&#8221;Montserrat||||||||&#8221; text_text_color=&#8221;#FFFFFF&#8221; custom_padding=&#8221;10px||||false|false&#8221; custom_padding_tablet=&#8221;10px||||false|false&#8221; custom_padding_phone=&#8221;0px||||false|false&#8221; custom_padding_last_edited=&#8221;on|phone&#8221; link_option_url_new_window=&#8221;on&#8221; text_orientation_tablet=&#8221;&#8221; text_orientation_phone=&#8221;center&#8221; text_orientation_last_edited=&#8221;on|phone&#8221; global_colors_info=&#8221;{}&#8221;]<\/p>\n<p>Design e desenvolvimento <a href=\"https:\/\/bestsites.pt\" target=\"_blank\" rel=\"noopener\">Bestsites.pt<\/a><a><\/a><\/p>\n<p>[\/et_pb_text][\/et_pb_column][\/et_pb_row][\/et_pb_section]<\/p>\n","protected":false},"excerpt":{"rendered":"<p>Pol\u00edtica de PrivacidadeA pol\u00edtica de privacidade abaixo identifica a informa\u00e7\u00e3o recolhida, formas de recolha e tratamento da mesma. Ao utilizar este website dever ter conhecimento e aceitar esta pol\u00edtica de privacidade. 1. Propriet\u00e1rio e Controlador de Dados Nome da empresa:Roughsea Management Consulting, Lda. Endere\u00e7o:Av. Combatentes Grande Guerra, 17 &#8211; 2\u00ba Esq. C\u00f3digo Postal:2900-329 Set\u00fabal N\u00ba [&hellip;]<\/p>\n","protected":false},"author":1,"featured_media":0,"parent":0,"menu_order":0,"comment_status":"closed","ping_status":"closed","template":"","meta":{"_et_pb_use_builder":"on","_et_pb_old_content":"","_et_gb_content_width":"","footnotes":""},"class_list":["post-387760","page","type-page","status-publish","hentry"],"_links":{"self":[{"href":"https:\/\/roughseamanagement.pt\/pt-pt\/wp-json\/wp\/v2\/pages\/387760","targetHints":{"allow":["GET"]}}],"collection":[{"href":"https:\/\/roughseamanagement.pt\/pt-pt\/wp-json\/wp\/v2\/pages"}],"about":[{"href":"https:\/\/roughseamanagement.pt\/pt-pt\/wp-json\/wp\/v2\/types\/page"}],"author":[{"embeddable":true,"href":"https:\/\/roughseamanagement.pt\/pt-pt\/wp-json\/wp\/v2\/users\/1"}],"replies":[{"embeddable":true,"href":"https:\/\/roughseamanagement.pt\/pt-pt\/wp-json\/wp\/v2\/comments?post=387760"}],"version-history":[{"count":5,"href":"https:\/\/roughseamanagement.pt\/pt-pt\/wp-json\/wp\/v2\/pages\/387760\/revisions"}],"predecessor-version":[{"id":387845,"href":"https:\/\/roughseamanagement.pt\/pt-pt\/wp-json\/wp\/v2\/pages\/387760\/revisions\/387845"}],"wp:attachment":[{"href":"https:\/\/roughseamanagement.pt\/pt-pt\/wp-json\/wp\/v2\/media?parent=387760"}],"curies":[{"name":"wp","href":"https:\/\/api.w.org\/{rel}","templated":true}]}}