{"id":387783,"date":"2023-03-06T12:41:08","date_gmt":"2023-03-06T12:41:08","guid":{"rendered":"https:\/\/roughseamanagement.pt\/?page_id=387783"},"modified":"2023-03-06T12:49:55","modified_gmt":"2023-03-06T12:49:55","slug":"centro-de-arbitragem","status":"publish","type":"page","link":"https:\/\/roughseamanagement.pt\/pt-pt\/centro-de-arbitragem\/","title":{"rendered":"Centro de Arbitragem"},"content":{"rendered":"<p>[et_pb_section fb_built=&#8221;1&#8243; _builder_version=&#8221;4.20.0&#8243; _module_preset=&#8221;default&#8221; use_background_color_gradient=&#8221;on&#8221; background_color_gradient_stops=&#8221;rgba(0,0,0,0.36) 0%|rgba(0,0,0,0.36) 100%&#8221; background_color_gradient_overlays_image=&#8221;on&#8221; background_image=&#8221;https:\/\/roughseamanagement.pt\/wp-content\/uploads\/2022\/08\/Captura-de-ecra\u0303-2022-08-25-a\u0300s-15.38.17.png&#8221; custom_padding=&#8221;||148px|||&#8221; global_colors_info=&#8221;{}&#8221;][et_pb_row _builder_version=&#8221;4.20.0&#8243; _module_preset=&#8221;default&#8221; global_colors_info=&#8221;{}&#8221;][et_pb_column type=&#8221;4_4&#8243; _builder_version=&#8221;4.20.0&#8243; _module_preset=&#8221;default&#8221; global_colors_info=&#8221;{}&#8221;][et_pb_text _builder_version=&#8221;4.20.0&#8243; _module_preset=&#8221;default&#8221; header_2_font=&#8221;Crimson Pro||||||||&#8221; header_2_text_color=&#8221;#FFFFFF&#8221; header_2_font_size=&#8221;50px&#8221; global_colors_info=&#8221;{}&#8221;]<\/p>\n<h2 style=\"text-align: center;\">Centro de Arbitragem<\/h2>\n<p>[\/et_pb_text][\/et_pb_column][\/et_pb_row][\/et_pb_section][et_pb_section fb_built=&#8221;1&#8243; _builder_version=&#8221;4.20.0&#8243; _module_preset=&#8221;default&#8221; custom_padding=&#8221;108px||133px|||&#8221; global_colors_info=&#8221;{}&#8221;][et_pb_row _builder_version=&#8221;4.20.0&#8243; _module_preset=&#8221;default&#8221; global_colors_info=&#8221;{}&#8221;][et_pb_column type=&#8221;4_4&#8243; _builder_version=&#8221;4.20.0&#8243; _module_preset=&#8221;default&#8221; global_colors_info=&#8221;{}&#8221;][et_pb_text _builder_version=&#8221;4.20.0&#8243; _module_preset=&#8221;default&#8221; text_font=&#8221;Montserrat||||||||&#8221; global_colors_info=&#8221;{}&#8221;]<\/p>\n<p>Em caso de lit\u00edgio o consumidor pode recorrer a uma Entidade de Resolu\u00e7\u00e3o Alternativa de Lit\u00edgios de Consumo.\u00a0<\/p>\n<p>Pode consultar a lista das entidades aqui\u00a0<span style=\"color: #000000;\"><a href=\"https:\/\/www.consumidor.gov.pt\/parceiros\/sistema-de-defesa-do-consumidor\/entidades-de-resolucao-alternativa-de-litigios-de-consumo\/ral-mapa-e-lista-de-entidades.aspx\" target=\"_blank\" rel=\"noopener\" style=\"color: #000000;\">https:\/\/www.consumidor.gov.pt\/parceiros\/sistema-de-defesa-do-consumidor\/entidades-de-resolucao-alternativa-de-litigios-de-consumo\/ral-mapa-e-lista-de-entidades.aspx<\/a><\/span><\/p>\n<p>Mais informa\u00e7\u00f5es em Portal do Consumidor\u00a0<span style=\"color: #000000;\"><a href=\"http:\/\/www.consumidor.gov.pt\/\" target=\"_blank\" rel=\"noopener\" style=\"color: #000000;\">www.consumidor.gov.pt<\/a><\/span><\/p>\n<p>[\/et_pb_text][\/et_pb_column][\/et_pb_row][\/et_pb_section][et_pb_section fb_built=&#8221;1&#8243; _builder_version=&#8221;4.18.0&#8243; _module_preset=&#8221;default&#8221; background_color=&#8221;#00223A&#8221; custom_margin=&#8221;0px|0px|0px|0px|false|false&#8221; custom_padding=&#8221;20px|0px|20px|0px|true|false&#8221; global_colors_info=&#8221;{}&#8221; global_module=&#8221;387789&#8243; saved_tabs=&#8221;all&#8221;][et_pb_row column_structure=&#8221;1_3,1_3,1_3&#8243; _builder_version=&#8221;4.18.0&#8243; _module_preset=&#8221;default&#8221; custom_margin=&#8221;0px||0px||false|false&#8221; custom_padding=&#8221;0px||0px||true|false&#8221; global_colors_info=&#8221;{}&#8221;][et_pb_column type=&#8221;1_3&#8243; _builder_version=&#8221;4.18.0&#8243; _module_preset=&#8221;default&#8221; global_colors_info=&#8221;{}&#8221;][et_pb_image src=&#8221;https:\/\/roughseamanagement.pt\/wp-content\/uploads\/2022\/11\/logo-roughsea-1.png&#8221; title_text=&#8221;logo roughsea&#8221; disabled_on=&#8221;off|off|on&#8221; _builder_version=&#8221;4.19.0&#8243; _module_preset=&#8221;default&#8221; width=&#8221;100%&#8221; module_alignment=&#8221;center&#8221; global_colors_info=&#8221;{}&#8221;][\/et_pb_image][et_pb_text _builder_version=&#8221;4.20.0&#8243; _module_preset=&#8221;default&#8221; text_font=&#8221;Montserrat||||||||&#8221; text_text_color=&#8221;#FFFFFF&#8221; custom_margin_tablet=&#8221;&#8221; custom_margin_phone=&#8221;||-50px||false|false&#8221; custom_margin_last_edited=&#8221;on|phone&#8221; custom_padding=&#8221;20px||||false|false&#8221; custom_padding_tablet=&#8221;20px||||false|false&#8221; custom_padding_phone=&#8221;0px||||false|false&#8221; custom_padding_last_edited=&#8221;on|phone&#8221; hover_enabled=&#8221;0&#8243; text_font_size_tablet=&#8221;&#8221; text_font_size_phone=&#8221;&#8221; text_font_size_last_edited=&#8221;on|desktop&#8221; text_orientation_tablet=&#8221;&#8221; text_orientation_phone=&#8221;center&#8221; text_orientation_last_edited=&#8221;on|phone&#8221; global_colors_info=&#8221;{}&#8221; sticky_enabled=&#8221;0&#8243;]<\/p>\n<p><a href=\"https:\/\/roughseamanagement.pt\/pt-pt\/politica-de-privacidade\/\" target=\"_blank\" rel=\"noopener\">Pol\u00edtica de Privacidade<\/a><a> | <\/a><a href=\"https:\/\/roughseamanagement.pt\/pt-pt\/centro-de-arbitragem\/\" target=\"_blank\" rel=\"noopener\">Centro de Arbitragem<\/a><a><\/a><\/p>\n<p><a href=\"https:\/\/www.livroreclamacoes.pt\/INICIO\/\" target=\"_blank\" rel=\"noopener\"><img loading=\"lazy\" decoding=\"async\" src=\"https:\/\/roughseamanagement.pt\/wp-content\/uploads\/2023\/03\/livro_reclamacoes-500x-207-w-300x124.png\" width=\"133\" height=\"55\" alt=\"\" class=\"wp-image-387776 alignnone size-medium\" \/><\/a><\/p>\n<p>[\/et_pb_text][\/et_pb_column][et_pb_column type=&#8221;1_3&#8243; _builder_version=&#8221;4.18.0&#8243; _module_preset=&#8221;default&#8221; global_colors_info=&#8221;{}&#8221;][et_pb_image src=&#8221;https:\/\/roughseamanagement.pt\/wp-content\/uploads\/2022\/11\/logo-roughsea-1.png&#8221; title_text=&#8221;logo roughsea&#8221; disabled_on=&#8221;on|off|off&#8221; _builder_version=&#8221;4.19.0&#8243; _module_preset=&#8221;default&#8221; width=&#8221;100%&#8221; max_width=&#8221;300px&#8221; module_alignment=&#8221;center&#8221; global_colors_info=&#8221;{}&#8221;][\/et_pb_image][\/et_pb_column][et_pb_column type=&#8221;1_3&#8243; _builder_version=&#8221;4.18.0&#8243; _module_preset=&#8221;default&#8221; global_colors_info=&#8221;{}&#8221;][et_pb_text _builder_version=&#8221;4.20.0&#8243; _module_preset=&#8221;default&#8221; text_font=&#8221;Montserrat||||||||&#8221; text_text_color=&#8221;#FFFFFF&#8221; custom_padding=&#8221;10px||||false|false&#8221; custom_padding_tablet=&#8221;10px||||false|false&#8221; custom_padding_phone=&#8221;0px||||false|false&#8221; custom_padding_last_edited=&#8221;on|phone&#8221; link_option_url_new_window=&#8221;on&#8221; text_orientation_tablet=&#8221;&#8221; text_orientation_phone=&#8221;center&#8221; text_orientation_last_edited=&#8221;on|phone&#8221; global_colors_info=&#8221;{}&#8221;]<\/p>\n<p>Design e desenvolvimento <a href=\"https:\/\/bestsites.pt\" target=\"_blank\" rel=\"noopener\">Bestsites.pt<\/a><a><\/a><\/p>\n<p>[\/et_pb_text][\/et_pb_column][\/et_pb_row][\/et_pb_section]<\/p>\n","protected":false},"excerpt":{"rendered":"<p>Centro de ArbitragemEm caso de lit\u00edgio o consumidor pode recorrer a uma Entidade de Resolu\u00e7\u00e3o Alternativa de Lit\u00edgios de Consumo.\u00a0 Pode consultar a lista das entidades aqui\u00a0https:\/\/www.consumidor.gov.pt\/parceiros\/sistema-de-defesa-do-consumidor\/entidades-de-resolucao-alternativa-de-litigios-de-consumo\/ral-mapa-e-lista-de-entidades.aspx Mais informa\u00e7\u00f5es em Portal do Consumidor\u00a0www.consumidor.gov.ptPol\u00edtica de Privacidade | Centro de Arbitragem Design e desenvolvimento Bestsites.pt<\/p>\n","protected":false},"author":1,"featured_media":0,"parent":0,"menu_order":0,"comment_status":"closed","ping_status":"closed","template":"","meta":{"_et_pb_use_builder":"on","_et_pb_old_content":"","_et_gb_content_width":"","footnotes":""},"class_list":["post-387783","page","type-page","status-publish","hentry"],"_links":{"self":[{"href":"https:\/\/roughseamanagement.pt\/pt-pt\/wp-json\/wp\/v2\/pages\/387783","targetHints":{"allow":["GET"]}}],"collection":[{"href":"https:\/\/roughseamanagement.pt\/pt-pt\/wp-json\/wp\/v2\/pages"}],"about":[{"href":"https:\/\/roughseamanagement.pt\/pt-pt\/wp-json\/wp\/v2\/types\/page"}],"author":[{"embeddable":true,"href":"https:\/\/roughseamanagement.pt\/pt-pt\/wp-json\/wp\/v2\/users\/1"}],"replies":[{"embeddable":true,"href":"https:\/\/roughseamanagement.pt\/pt-pt\/wp-json\/wp\/v2\/comments?post=387783"}],"version-history":[{"count":6,"href":"https:\/\/roughseamanagement.pt\/pt-pt\/wp-json\/wp\/v2\/pages\/387783\/revisions"}],"predecessor-version":[{"id":387790,"href":"https:\/\/roughseamanagement.pt\/pt-pt\/wp-json\/wp\/v2\/pages\/387783\/revisions\/387790"}],"wp:attachment":[{"href":"https:\/\/roughseamanagement.pt\/pt-pt\/wp-json\/wp\/v2\/media?parent=387783"}],"curies":[{"name":"wp","href":"https:\/\/api.w.org\/{rel}","templated":true}]}}